{"id":8,"date":"2016-01-26T20:26:55","date_gmt":"2016-01-26T19:26:55","guid":{"rendered":"http:\/\/aikido-alsace-fat.fr\/site-wp\/?page_id=8"},"modified":"2025-08-25T08:45:59","modified_gmt":"2025-08-25T07:45:59","slug":"bienvenue","status":"publish","type":"page","link":"https:\/\/aikido-alsace-fat.fr\/site-wp\/","title":{"rendered":""},"content":{"rendered":"<div id=\"pl-8\"  class=\"panel-layout\" ><div id=\"pg-8-0\"  class=\"panel-grid panel-no-style\" ><div id=\"pgc-8-0-0\"  class=\"panel-grid-cell\" ><div id=\"panel-8-0-0-0\" class=\"so-panel widget widget_sow-editor panel-first-child panel-last-child\" data-index=\"0\" ><div\n\t\t\t\n\t\t\tclass=\"so-widget-sow-editor so-widget-sow-editor-base\"\n\t\t\t\n\t\t>\n<div class=\"siteorigin-widget-tinymce textwidget\">\n\t<h2 style=\"text-align: center;\">Pratiquer l'a\u00efkido \u00e0 Brunstatt-Didenheim<\/h2>\n<p style=\"text-align: center;\"><span style=\"font-size: 18pt;\"><strong>Une section du <a href=\"http:\/\/www.cssgb.fr\" target=\"_blank\" rel=\"noopener\">Cercle sportif Saint-Georges<\/a><\/strong><\/span><\/p>\n<p style=\"text-align: center;\">Notre section vous accueille tout au long de l'ann\u00e9e :<br \/>\n<strong>n'h\u00e9sitez pas \u00e0 nous rejoindre m\u00eame en cours de saison !<\/strong><\/p>\n<p style=\"text-align: center;\">Deux cours d'initiation sont gratuits, pour les enfants et les adultes.<\/p>\n<p style=\"text-align: center;\"><strong>Notre engagement : un a\u00efkido pour tous !<\/strong><\/p>\n<\/div>\n<\/div><\/div><\/div><\/div><div id=\"pg-8-1\"  class=\"panel-grid panel-no-style\" ><div id=\"pgc-8-1-0\"  class=\"panel-grid-cell\" ><div id=\"panel-8-1-0-0\" class=\"so-panel widget widget_sow-editor panel-first-child panel-last-child\" data-index=\"1\" ><div\n\t\t\t\n\t\t\tclass=\"so-widget-sow-editor so-widget-sow-editor-base\"\n\t\t\t\n\t\t>\n<div class=\"siteorigin-widget-tinymce textwidget\">\n\t<p><strong><span style=\"text-decoration: underline;\">Lundi<\/span> :<br \/>\n<\/strong>20h00 - 21h30 : adultes<\/p>\n<div class=\"clearfix colelem\">\n<p class=\"Paragraphe\"><strong><span style=\"text-decoration: underline;\">Mercredi<\/span> :<br \/>\n<\/strong>15h - 16h30 : enfants et adolescents<br \/>\n16h30 - 18h : approche de l'a\u00efkido pour les Seniors (Nouveau)<\/p>\n<p class=\"Paragraphe\"><strong><span style=\"text-decoration: underline;\">Jeudi<\/span> :<br \/>\n<\/strong>20h - 21h30 : adultes<\/p>\n<p class=\"Paragraphe\"><strong><span style=\"text-decoration: underline;\">Dimanche<\/span> :<br \/>\n<\/strong>9h30 - 11h : cours armes (s'il y a suffisamment d'inscrits, sous r\u00e9serve)<\/p>\n<\/div>\n<\/div>\n<\/div><\/div><\/div><div id=\"pgc-8-1-1\"  class=\"panel-grid-cell\" ><div id=\"panel-8-1-1-0\" class=\"so-panel widget widget_sow-editor panel-first-child panel-last-child\" data-index=\"2\" ><div\n\t\t\t\n\t\t\tclass=\"so-widget-sow-editor so-widget-sow-editor-base\"\n\t\t\t\n\t\t>\n<div class=\"siteorigin-widget-tinymce textwidget\">\n\t<p style=\"text-align: center;\"><iframe loading=\"lazy\" src=\"https:\/\/www.youtube.com\/embed\/5WpoaXhCB_Y\" width=\"300\" height=\"168\" frameborder=\"0\" allowfullscreen=\"allowfullscreen\"><\/iframe><\/p>\n<p style=\"text-align: center;\">11 rue du Ch\u00e2teau<br \/>\n68350 Brunstatt-Didenheim<\/p>\n<p style=\"text-align: center;\"><a href=\"mailto:aikido.brunstatt@laposte.net\">aikido.brunstatt@laposte.net<\/a><\/p>\n<p style=\"text-align: center;\">06 73 96 59 15<\/p>\n<p><a href=\"https:\/\/www.facebook.com\/Aikido-Brunstatt-747981428976412\/\"><img loading=\"lazy\" class=\"aligncenter wp-image-612\" src=\"http:\/\/aikido-alsace-fat.fr\/site-wp\/wp-content\/uploads\/2019\/05\/FindUsOn-FB_fr_FR-RGB-1792-300x34.png\" alt=\"\" width=\"247\" height=\"28\" srcset=\"https:\/\/aikido-alsace-fat.fr\/site-wp\/wp-content\/uploads\/2019\/05\/FindUsOn-FB_fr_FR-RGB-1792-300x34.png 300w, https:\/\/aikido-alsace-fat.fr\/site-wp\/wp-content\/uploads\/2019\/05\/FindUsOn-FB_fr_FR-RGB-1792-768x87.png 768w, https:\/\/aikido-alsace-fat.fr\/site-wp\/wp-content\/uploads\/2019\/05\/FindUsOn-FB_fr_FR-RGB-1792-1024x116.png 1024w, https:\/\/aikido-alsace-fat.fr\/site-wp\/wp-content\/uploads\/2019\/05\/FindUsOn-FB_fr_FR-RGB-1792.png 1792w\" sizes=\"(max-width: 247px) 100vw, 247px\" \/><\/a><\/p>\n<\/div>\n<\/div><\/div><\/div><\/div><div id=\"pg-8-2\"  class=\"panel-grid panel-no-style\" ><div id=\"pgc-8-2-0\"  class=\"panel-grid-cell\" ><div id=\"panel-8-2-0-0\" class=\"so-panel widget widget_siteorigin-panels-postloop panel-first-child panel-last-child\" data-index=\"3\" >\n<article id=\"post-874\" class=\"post-874 post type-post status-publish format-standard hentry category-actualites comments-off\">\n\n\t\n\t<div class=\"post-content\">\n\n\t\t<header class=\"entry-header\">\n\n\t\t\t<h2 class=\"entry-title\"><a href=\"https:\/\/aikido-alsace-fat.fr\/site-wp\/index.php\/2025\/08\/24\/info-fin-de-saison-2024-adultes\/\" rel=\"bookmark\">D\u00e9but de saison 2025\/2026<\/a><\/h2>\n\t\t\t<div class=\"entry-meta post-details\"><span class=\"posted-on meta-date\">Publi\u00e9 le <a href=\"https:\/\/aikido-alsace-fat.fr\/site-wp\/index.php\/2025\/08\/24\/info-fin-de-saison-2024-adultes\/\" rel=\"bookmark\"><time class=\"entry-date published\" datetime=\"2025-08-24T17:59:00+01:00\">24 ao\u00fbt 2025<\/time><time class=\"updated\" datetime=\"2025-08-25T08:38:13+01:00\">25 ao\u00fbt 2025<\/time><\/a><\/span><span class=\"posted-by meta-author\"> par <span class=\"author vcard\"><a class=\"url fn n\" href=\"https:\/\/aikido-alsace-fat.fr\/site-wp\/index.php\/author\/scammarata\/\" title=\"Afficher tous les articles par scammarata\" rel=\"author\">scammarata<\/a><\/span><\/span><\/div>\n\t\t<\/header><!-- .entry-header -->\n\n\t\t<div class=\"entry-content clearfix\">\n\n\t\t\t<p><span style=\"font-weight: 600;\">Reprise des cours adultes : le lundi 1er septembre \u00e0 20h<\/span><\/p>\n<p><span style=\"font-weight: 600;\">Reprise des cours enfants : le mercredi 3 septembre \u00e0 15h\u00a0<\/span><\/p>\n<p>Les <a href=\"http:\/\/aikido-alsace-fat.fr\/site-wp\/index.php\/inscriptions\/\">documents d&rsquo;inscription<\/a> sont disponibles pour cette nouvelle saison sur notre site.<\/p>\n<p>Nouveau : un syst\u00e8me de parrainage est propos\u00e9 ! Visitez la <a href=\"http:\/\/aikido-alsace-fat.fr\/site-wp\/index.php\/inscriptions\/\">page des inscriptions<\/a> pour en savoir plus.<\/p>\n<p>Nous esp\u00e9rons vous voir ou vous revoir sur le tatami nombreux et en forme !<\/p>\n\n\t\t\t\n\t\t<\/div><!-- .entry-content -->\n\n\t<\/div>\n\n\t<footer class=\"entry-footer post-details\">\n\t\t<div class=\"entry-categories\"> <svg class=\"icon icon-category\" aria-hidden=\"true\" role=\"img\"> <use xlink:href=\"https:\/\/aikido-alsace-fat.fr\/site-wp\/wp-content\/themes\/donovan\/assets\/icons\/genericons-neue.svg#category\"><\/use> <\/svg><a href=\"https:\/\/aikido-alsace-fat.fr\/site-wp\/index.php\/category\/actualites\/\" rel=\"category tag\">Actualit\u00e9s<\/a><\/div>\t<\/footer><!-- .entry-footer -->\n\n<\/article>\n\n<article id=\"post-741\" class=\"post-741 post type-post status-publish format-standard hentry category-actualites comments-off\">\n\n\t\n\t<div class=\"post-content\">\n\n\t\t<header class=\"entry-header\">\n\n\t\t\t<h2 class=\"entry-title\"><a href=\"https:\/\/aikido-alsace-fat.fr\/site-wp\/index.php\/2025\/08\/24\/nouveaute-2019-le-sabre-laser-en-aikido\/\" rel=\"bookmark\">Nouveaut\u00e9 2025 : approche senior de l&rsquo;a\u00efkido<\/a><\/h2>\n\t\t\t<div class=\"entry-meta post-details\"><span class=\"posted-on meta-date\">Publi\u00e9 le <a href=\"https:\/\/aikido-alsace-fat.fr\/site-wp\/index.php\/2025\/08\/24\/nouveaute-2019-le-sabre-laser-en-aikido\/\" rel=\"bookmark\"><time class=\"entry-date published\" datetime=\"2025-08-24T16:06:00+01:00\">24 ao\u00fbt 2025<\/time><time class=\"updated\" datetime=\"2025-08-25T08:45:03+01:00\">25 ao\u00fbt 2025<\/time><\/a><\/span><span class=\"posted-by meta-author\"> par <span class=\"author vcard\"><a class=\"url fn n\" href=\"https:\/\/aikido-alsace-fat.fr\/site-wp\/index.php\/author\/scammarata\/\" title=\"Afficher tous les articles par scammarata\" rel=\"author\">scammarata<\/a><\/span><\/span><\/div>\n\t\t<\/header><!-- .entry-header -->\n\n\t\t<div class=\"entry-content clearfix\">\n\n\t\t\t<p style=\"text-align: center;\"><span style=\"color: #ff0000;\"><strong><span style=\"font-size: 14pt;\">A partir de mercredi 3 septembre 2025 &#8211; 16h30\u00a0<\/span><\/strong><\/span><br \/>\n<span style=\"color: #ff0000;\"><strong><span style=\"font-size: 14pt;\">au dojo &#8211; 11 rue du Ch\u00e2teau \u00e0 Brunstatt &#8211; sous la salle de musique.<\/span><\/strong><\/span><\/p>\n<p style=\"text-align: center;\"><strong>Pour les Seniors<\/strong><\/p>\n<p>L&rsquo;a\u00efkido ce n&rsquo;est pas que de la technique pour les jeunes. Les seniors peuvent aussi profiter de l&rsquo;approche de cet art martial. Sans chuter, il s&rsquo;agit pour ce cours de retrouver l&rsquo;\u00e9quilibre, de savoir respirer et de pouvoir rester stable \u00a0au quotidien.<\/p>\n<p>\u00ab\u00a0Ne pas se battre, mais ne pas subir\u00a0\u00bb : sans rentrer dans la confrontation, apprendre \u00e0 contr\u00f4ler ses \u00e9motions en situation hostile et ne pas paniquer.<\/p>\n\n\t\t\t\n\t\t<\/div><!-- .entry-content -->\n\n\t<\/div>\n\n\t<footer class=\"entry-footer post-details\">\n\t\t<div class=\"entry-categories\"> <svg class=\"icon icon-category\" aria-hidden=\"true\" role=\"img\"> <use xlink:href=\"https:\/\/aikido-alsace-fat.fr\/site-wp\/wp-content\/themes\/donovan\/assets\/icons\/genericons-neue.svg#category\"><\/use> <\/svg><a href=\"https:\/\/aikido-alsace-fat.fr\/site-wp\/index.php\/category\/actualites\/\" rel=\"category tag\">Actualit\u00e9s<\/a><\/div>\t<\/footer><!-- .entry-footer -->\n\n<\/article>\n<\/div><\/div><\/div><div id=\"pg-8-3\"  class=\"panel-grid panel-no-style\" ><div id=\"pgc-8-3-0\"  class=\"panel-grid-cell\" ><div id=\"panel-8-3-0-0\" class=\"so-panel widget panel-first-child panel-last-child\" data-index=\"4\" ><\/div><\/div><\/div><\/div>","protected":false},"excerpt":{"rendered":"<p>Pratiquer l&rsquo;a\u00efkido \u00e0 Brunstatt-Didenheim Une section du Cercle sportif Saint-Georges Notre section vous accueille tout au long de l&rsquo;ann\u00e9e :<\/p>\n","protected":false},"author":1,"featured_media":0,"parent":0,"menu_order":0,"comment_status":"closed","ping_status":"closed","template":"","meta":{"_expiration-date-status":"","_expiration-date":0,"_expiration-date-type":"","_expiration-date-categories":[],"_expiration-date-options":[]},"_links":{"self":[{"href":"https:\/\/aikido-alsace-fat.fr\/site-wp\/index.php\/wp-json\/wp\/v2\/pages\/8"}],"collection":[{"href":"https:\/\/aikido-alsace-fat.fr\/site-wp\/index.php\/wp-json\/wp\/v2\/pages"}],"about":[{"href":"https:\/\/aikido-alsace-fat.fr\/site-wp\/index.php\/wp-json\/wp\/v2\/types\/page"}],"author":[{"embeddable":true,"href":"https:\/\/aikido-alsace-fat.fr\/site-wp\/index.php\/wp-json\/wp\/v2\/users\/1"}],"replies":[{"embeddable":true,"href":"https:\/\/aikido-alsace-fat.fr\/site-wp\/index.php\/wp-json\/wp\/v2\/comments?post=8"}],"version-history":[{"count":172,"href":"https:\/\/aikido-alsace-fat.fr\/site-wp\/index.php\/wp-json\/wp\/v2\/pages\/8\/revisions"}],"predecessor-version":[{"id":912,"href":"https:\/\/aikido-alsace-fat.fr\/site-wp\/index.php\/wp-json\/wp\/v2\/pages\/8\/revisions\/912"}],"wp:attachment":[{"href":"https:\/\/aikido-alsace-fat.fr\/site-wp\/index.php\/wp-json\/wp\/v2\/media?parent=8"}],"curies":[{"name":"wp","href":"https:\/\/api.w.org\/{rel}","templated":true}]}}