{"id":655,"date":"2019-05-03T13:58:27","date_gmt":"2019-05-03T12:58:27","guid":{"rendered":"http:\/\/aikido-alsace-fat.fr\/site-wp\/?page_id=655"},"modified":"2019-05-03T14:00:29","modified_gmt":"2019-05-03T13:00:29","slug":"je-debute-par-ou-commencer","status":"publish","type":"page","link":"https:\/\/aikido-alsace-fat.fr\/site-wp\/index.php\/je-debute-par-ou-commencer\/","title":{"rendered":"Je d\u00e9bute : par o\u00f9 commencer ?"},"content":{"rendered":"<div id=\"pl-655\"  class=\"panel-layout\" ><div id=\"pg-655-0\"  class=\"panel-grid panel-no-style\" ><div id=\"pgc-655-0-0\"  class=\"panel-grid-cell\" ><div id=\"panel-655-0-0-0\" class=\"so-panel widget widget_sow-editor panel-first-child panel-last-child\" data-index=\"0\" ><div\n\t\t\t\n\t\t\tclass=\"so-widget-sow-editor so-widget-sow-editor-base\"\n\t\t\t\n\t\t>\n<div class=\"siteorigin-widget-tinymce textwidget\">\n\t<p class=\"Paragraphe\">Si vous souhaitez d\u00e9couvrir la pratique de notre art martial, vous serez accueilli dans une section sportive conviviale o\u00f9 la bonne humeur est omnipr\u00e9sente. Munissez vous d'un surv\u00eatement et d'un t-shirt (blanc de pr\u00e9f\u00e9rence) ainsi que d'une paire de sandales pour vous d\u00e9placer dans le dojo.<\/p>\n<p class=\"Paragraphe\">Si vous d\u00e9cidez de poursuivre l'aventure, sachez que l'\u00e9quipement d'un a\u00efkidoka est relativement simple : un kimono (ou plus pr\u00e9cis\u00e9ment un keigogi), une ceinture (obi) et vos sandales (zoris) constitueront votre tenue de base. Les armes en bois peuvent, dans un premier temps, vous \u00eatre pr\u00eat\u00e9es, il n'y a aucune urgence \u00e0 investir.<\/p>\n<p class=\"Paragraphe\">Comme pour tout art martial, il se pratique dans un dojo o\u00f9 des r\u00e8gles empreintes d'histoire et de culture japonaises sont \u00e0 respecter : notre Ma\u00eetre se plaira \u00e0 vous apporter cette connaissance, veillez simplement \u00e0 \u00eatre ponctuel (un quart d'heure avant le d\u00e9but du cours pour se changer et laissez vous guider pour le reste).<\/p>\n<\/div>\n<\/div><\/div><\/div><\/div><\/div>","protected":false},"excerpt":{"rendered":"<p>Si vous souhaitez d\u00e9couvrir la pratique de notre art martial, vous serez accueilli dans une section sportive conviviale o\u00f9 la<\/p>\n","protected":false},"author":1,"featured_media":0,"parent":0,"menu_order":0,"comment_status":"closed","ping_status":"closed","template":"","meta":{"_expiration-date-status":"saved","_expiration-date":0,"_expiration-date-type":"","_expiration-date-categories":[],"_expiration-date-options":[]},"_links":{"self":[{"href":"https:\/\/aikido-alsace-fat.fr\/site-wp\/index.php\/wp-json\/wp\/v2\/pages\/655"}],"collection":[{"href":"https:\/\/aikido-alsace-fat.fr\/site-wp\/index.php\/wp-json\/wp\/v2\/pages"}],"about":[{"href":"https:\/\/aikido-alsace-fat.fr\/site-wp\/index.php\/wp-json\/wp\/v2\/types\/page"}],"author":[{"embeddable":true,"href":"https:\/\/aikido-alsace-fat.fr\/site-wp\/index.php\/wp-json\/wp\/v2\/users\/1"}],"replies":[{"embeddable":true,"href":"https:\/\/aikido-alsace-fat.fr\/site-wp\/index.php\/wp-json\/wp\/v2\/comments?post=655"}],"version-history":[{"count":3,"href":"https:\/\/aikido-alsace-fat.fr\/site-wp\/index.php\/wp-json\/wp\/v2\/pages\/655\/revisions"}],"predecessor-version":[{"id":658,"href":"https:\/\/aikido-alsace-fat.fr\/site-wp\/index.php\/wp-json\/wp\/v2\/pages\/655\/revisions\/658"}],"wp:attachment":[{"href":"https:\/\/aikido-alsace-fat.fr\/site-wp\/index.php\/wp-json\/wp\/v2\/media?parent=655"}],"curies":[{"name":"wp","href":"https:\/\/api.w.org\/{rel}","templated":true}]}}