{"id":23,"date":"2016-01-26T20:50:01","date_gmt":"2016-01-26T19:50:01","guid":{"rendered":"http:\/\/aikido-alsace-fat.fr\/site-wp\/?page_id=23"},"modified":"2025-08-25T09:01:34","modified_gmt":"2025-08-25T08:01:34","slug":"inscriptions","status":"publish","type":"page","link":"https:\/\/aikido-alsace-fat.fr\/site-wp\/index.php\/inscriptions\/","title":{"rendered":"Inscriptions"},"content":{"rendered":"<p>Vous avez le droit d&rsquo;essayer la pratique de l&rsquo;a\u00efkido, gratuitement et sans engagement, pendant 2 entrainements.\u00a0Si vous souhaitez poursuivre la pratique, il faudra payer votre licence, adh\u00e9rer au club et fournir un certificat m\u00e9dical.<\/p>\n<p>La licence est \u00e0 payer int\u00e9gralement AVANT le 3<sup>\u00e8me<\/sup> entrainement. Pour le reste, un \u00e9talement du paiement pourra vous \u00eatre propos\u00e9, merci de vous renseigner aupr\u00e8s de votre professeur.<\/p>\n<p><span style=\"color: #ff0000;\"><strong>Nouveau ! Parrainez un nouveau membre, pour gagner chacun une r\u00e9duction sur votre cotisation club (parrain 10\u20ac et filleul 20\u20ac). <a href=\"http:\/\/aikido-alsace-fat.fr\/site-wp\/wp-content\/uploads\/2024\/08\/Parrainage.pdf\">T\u00e9l\u00e9chargez les coupons de parrainage ici<\/a>.<\/strong><\/span><\/p>\n<p>Vous trouverez sur cette page toutes les informations utiles.\u00a0<\/p>\n<p><span style=\"color: #ff0000;\"><b>Les tarifs sont ceux de la saison 2025\/2026.\u00a0<\/b><\/span><\/p>\n<h4>Pour tous les adh\u00e9rents :<\/h4>\n<p>L&rsquo;adh\u00e9sion au club suppose l&rsquo;acceptation du\u00a0<a href=\"http:\/\/aikido-alsace-fat.fr\/site-wp\/wp-content\/uploads\/2017\/08\/Reglement_interieur.pdf\">R\u00e8glement int\u00e9rieur \u00e0 consulter.<\/a><\/p>\n<h4>Pour les adultes (tous les cours possibles sauf enfants) :\u00a0<\/h4>\n<p>Co\u00fbt annuel tout compris : 140\u20ac<br \/>Possibilit\u00e9 de suivre tous les cours adultes propos\u00e9s.<\/p>\n<ul>\n<li>La <a href=\"http:\/\/aikido-alsace-fat.fr\/site-wp\/wp-content\/uploads\/2025\/08\/2025-Inscription-adulte.pdf\">fiche d&rsquo;inscription pour un adulte\u00a0<\/a><\/li>\n<li>Un <a href=\"http:\/\/aikido-alsace-fat.fr\/site-wp\/wp-content\/uploads\/2017\/08\/Certificat_medical_adulte.pdf\">certificat m\u00e9dical pour un adulte<\/a>\u00a0\u00e0 faire remplir par votre m\u00e9decin traitant (qui peut aussi fournir son mod\u00e8le) ou l<span style=\"font-size: 1.125rem; font-family: var(--text-font);\">e\u00a0<\/span><a style=\"font-size: 1.125rem; font-family: var(--text-font);\" href=\"http:\/\/aikido-alsace-fat.fr\/site-wp\/wp-content\/uploads\/2017\/08\/questionnaire_sante.pdf\">questionnaire de sant\u00e9<\/a><span style=\"font-size: 1.125rem; font-family: var(--text-font);\">\u00a0(voir informations sp\u00e9cifiques)<\/span><\/li>\n<\/ul>\n<h4>Pour les seniors (mercredi uniquement) :\u00a0<\/h4>\n<p>Co\u00fbt annuel tout compris : 110\u20ac<br \/>Possibilit\u00e9 de suivre tous les cours adultes propos\u00e9s.<\/p>\n<ul>\n<li>La <a href=\"http:\/\/aikido-alsace-fat.fr\/site-wp\/wp-content\/uploads\/2025\/08\/2025-Inscription-senior.pdf\">fiche d&rsquo;inscription pour un senior\u00a0<\/a><\/li>\n<li>Un <a href=\"http:\/\/aikido-alsace-fat.fr\/site-wp\/wp-content\/uploads\/2017\/08\/Certificat_medical_adulte.pdf\">certificat m\u00e9dical pour un adulte<\/a>\u00a0\u00e0 faire remplir par votre m\u00e9decin traitant (qui peut aussi fournir son mod\u00e8le) ou l<span style=\"font-size: 1.125rem; font-family: var(--text-font);\">e\u00a0<\/span><a style=\"font-size: 1.125rem; font-family: var(--text-font);\" href=\"http:\/\/aikido-alsace-fat.fr\/site-wp\/wp-content\/uploads\/2017\/08\/questionnaire_sante.pdf\">questionnaire de sant\u00e9<\/a><span style=\"font-size: 1.125rem; font-family: var(--text-font);\">\u00a0(voir informations sp\u00e9cifiques)<\/span><\/li>\n<\/ul>\n<h4>Pour les mineurs (enfant ou adolescent) :<\/h4>\n<p>Co\u00fbt annuel tout compris : 110\u20ac (de 6 \u00e0 12 ans inclus) ou 115\u20ac (de 13 \u00e0 17 ans inclus)<br \/>Possibilit\u00e9 de suivre les cours correspondant \u00e0 l&rsquo;\u00e2ge du jeune (prenez conseil aupr\u00e8s des professeurs).<\/p>\n<ul>\n<li>La <a href=\"http:\/\/aikido-alsace-fat.fr\/site-wp\/wp-content\/uploads\/2025\/08\/2025-Inscription-enfant.pdf\">fiche d&rsquo;inscription pour les enfants<\/a>\u00a0ou la <a href=\"http:\/\/aikido-alsace-fat.fr\/site-wp\/wp-content\/uploads\/2025\/08\/2025-Inscription-adolescent.pdf\">fiche d&rsquo;inscription pour un adolescent<\/a><\/li>\n<li>Un\u00a0<a href=\"http:\/\/aikido-alsace-fat.fr\/site-wp\/wp-content\/uploads\/2019\/01\/Certificat_medical_enfant.pdf\">certificat m\u00e9dical pour enfant<\/a>\u00a0\u00e0 destination de son m\u00e9decin traitant ou p\u00e9diatre (qui peut aussi fournir son mod\u00e8le) ou l<span style=\"font-size: 1.125rem; font-family: var(--text-font);\">e\u00a0<\/span><a style=\"font-size: 1.125rem; font-family: var(--text-font);\" href=\"http:\/\/aikido-alsace-fat.fr\/site-wp\/wp-content\/uploads\/2017\/08\/questionnaire_sante.pdf\">questionnaire de sant\u00e9<\/a><span style=\"font-size: 1.125rem; font-family: var(--text-font);\">\u00a0<\/span><\/li>\n<\/ul>\n<h4>Familles, on vous aime :<\/h4>\n<p>La cotisation au club est d\u00e9gressive si plusieurs membres de la m\u00eame famille (habitant \u00e0 la m\u00eame adresse) s&rsquo;inscrivent :<\/p>\n<ul>\n<li>10% de r\u00e9duction sur la partie \u00ab\u00a0cotisation\u00a0\u00bb du second membre<\/li>\n<li>20% de r\u00e9duction sur la partie \u00ab\u00a0cotisation\u00a0\u00bb du troisi\u00e8me membre et des suivants<\/li>\n<\/ul>\n<p><em>Ces r\u00e9ductions ne peuvent pas s&rsquo;appliquer sur la licence qui assure chaque pratiquant de mani\u00e8re individuelle.<\/em><\/p>\n<h4>Passeport sportif :<\/h4>\n<p>Co\u00fbt : 16\u20ac\/8\u20ac (majeur\/mineur) &#8211; valide pendant 10 ans environ, \u00e0 renouveler lorsqu&rsquo;il est plein.<\/p>\n<p>Le passeport sportif est un document f\u00e9d\u00e9ral officiel qui permettra de consigner les passages de grades et les stages suivis par le pratiquant. Il est propos\u00e9 aux personnes (adultes et adolescents) qui s&rsquo;engagent dans la pratique de l&rsquo;a\u00efkido : si vous \u00eates d\u00e9butant, il n&rsquo;est donc pas tout de suite n\u00e9cessaire. <br \/>Il est en principe obligatoire pour suivre un stage adultes. <br \/>Demandez conseil \u00e0 votre professeur.<\/p>\n<h4>Informations sur le questionnaire de sant\u00e9 :<\/h4>\n<p><span style=\"color: #ff0000;\">Depuis 2016, le certificat m\u00e9dical a une dur\u00e9e th\u00e9orique de validit\u00e9 est de 3 ans, <span style=\"text-decoration: underline;\"><strong>\u00e0 condition<\/strong><\/span> de renseigner un questionnaire de sant\u00e9 sous la <strong>responsabilit\u00e9 du pratiquant<\/strong>.<\/span><br \/><span style=\"color: #ff0000;\"><em>Textes de r\u00e9f\u00e9rence : code du sport articles L231-2 \u00e0 L231-4. <a style=\"color: #ff0000;\" href=\"https:\/\/www.legifrance.gouv.fr\/affichTexte.do?cidTexte=JORFTEXT000033067209&amp;categorieLien=id\" target=\"_blank\" rel=\"noopener noreferrer\">D\u00e9cret 2016-1157 du 24 ao\u00fbt 2016<\/a>.\u00a0<\/em><\/span><\/p>\n<p><span style=\"font-size: 1.125rem; font-family: var(--text-font);\">Le questionnaire de sant\u00e9 est <strong>obligatoire<\/strong> uniquement si vous souhaitez faire valoir la validit\u00e9 triennale de votre certificat m\u00e9dical. <\/span><\/p>\n<p><span style=\"font-size: 1.125rem; font-family: var(--text-font);\">Le questionnaire de sant\u00e9 est <strong>facultatif<\/strong> si votre certificat m\u00e9dical date de moins d&rsquo;un an au moment de l&rsquo;adh\u00e9sion.<\/span><\/p>\n<p><span style=\"font-size: 1.125rem; font-family: var(--text-font);\">Pour les <strong>mineurs<\/strong>, le questionnaire est \u00e9tabli <strong>sous la responsabilit\u00e9 des responsables l\u00e9gaux<\/strong> de l&rsquo;enfant.\u00a0<\/span><\/p>\n<p>Si vous optez pour la validit\u00e9 triennale le principe est le suivant :<\/p>\n<ul>\n<li>Ann\u00e9e N : certificat m\u00e9dical (dat\u00e9 de moins de un an \u00e0 la date d&rsquo;inscription au club)<\/li>\n<li>Ann\u00e9e N+1 : questionnaire de sant\u00e9<\/li>\n<li>Ann\u00e9e N+2 : questionnaire de sant\u00e9<\/li>\n<li>Ann\u00e9e N+3 :\u00a0certificat m\u00e9dical (dat\u00e9 de moins de un an \u00e0 la date d&rsquo;inscription au club)<\/li>\n<li>etc.<\/li>\n<\/ul>\n\n\n<p><\/p>\n","protected":false},"excerpt":{"rendered":"<p>Vous avez le droit d&rsquo;essayer la pratique de l&rsquo;a\u00efkido, gratuitement et sans engagement, pendant 2 entrainements.\u00a0Si vous souhaitez poursuivre la<\/p>\n","protected":false},"author":1,"featured_media":0,"parent":0,"menu_order":0,"comment_status":"closed","ping_status":"closed","template":"","meta":{"_expiration-date-status":"","_expiration-date":0,"_expiration-date-type":"","_expiration-date-categories":[],"_expiration-date-options":[]},"_links":{"self":[{"href":"https:\/\/aikido-alsace-fat.fr\/site-wp\/index.php\/wp-json\/wp\/v2\/pages\/23"}],"collection":[{"href":"https:\/\/aikido-alsace-fat.fr\/site-wp\/index.php\/wp-json\/wp\/v2\/pages"}],"about":[{"href":"https:\/\/aikido-alsace-fat.fr\/site-wp\/index.php\/wp-json\/wp\/v2\/types\/page"}],"author":[{"embeddable":true,"href":"https:\/\/aikido-alsace-fat.fr\/site-wp\/index.php\/wp-json\/wp\/v2\/users\/1"}],"replies":[{"embeddable":true,"href":"https:\/\/aikido-alsace-fat.fr\/site-wp\/index.php\/wp-json\/wp\/v2\/comments?post=23"}],"version-history":[{"count":35,"href":"https:\/\/aikido-alsace-fat.fr\/site-wp\/index.php\/wp-json\/wp\/v2\/pages\/23\/revisions"}],"predecessor-version":[{"id":920,"href":"https:\/\/aikido-alsace-fat.fr\/site-wp\/index.php\/wp-json\/wp\/v2\/pages\/23\/revisions\/920"}],"wp:attachment":[{"href":"https:\/\/aikido-alsace-fat.fr\/site-wp\/index.php\/wp-json\/wp\/v2\/media?parent=23"}],"curies":[{"name":"wp","href":"https:\/\/api.w.org\/{rel}","templated":true}]}}