{"id":184,"date":"2016-01-30T22:21:03","date_gmt":"2016-01-30T21:21:03","guid":{"rendered":"http:\/\/aikido-alsace-fat.fr\/site-wp\/?page_id=184"},"modified":"2023-08-20T09:30:01","modified_gmt":"2023-08-20T08:30:01","slug":"stages","status":"publish","type":"page","link":"https:\/\/aikido-alsace-fat.fr\/site-wp\/index.php\/stages\/","title":{"rendered":"La formation en dehors du club"},"content":{"rendered":"<div id=\"pl-184\"  class=\"panel-layout\" ><div id=\"pg-184-0\"  class=\"panel-grid panel-no-style\" ><div id=\"pgc-184-0-0\"  class=\"panel-grid-cell\" ><div id=\"panel-184-0-0-0\" class=\"so-panel widget widget_sow-editor panel-first-child panel-last-child\" data-index=\"0\" ><div\n\t\t\t\n\t\t\tclass=\"so-widget-sow-editor so-widget-sow-editor-base\"\n\t\t\t\n\t\t><h3 class=\"widget-title\">Calendrier 2023-2024<\/h3>\n<div class=\"siteorigin-widget-tinymce textwidget\">\n\t<p><span style=\"text-decoration: underline;\"><strong>Stages nationaux de la f\u00e9d\u00e9ration :<\/strong><\/span><\/p>\n<p>11 et 12 novembre : Saint-Martin d'Uriage<br \/>\n30, 31 mars et 1er avril : Aquitaine (Pessac)<br \/>\n18, 19 et 20 mai : Mulhouse ou Franche-Comt\u00e9<\/p>\n<p><span style=\"text-decoration: underline;\"><strong>Stages divers :<\/strong><\/span><\/p>\n<p>Des stages de rencontre seront propos\u00e9s au long de la saison<\/p>\n<p><span style=\"text-decoration: underline;\"><strong>Stage f\u00e9d\u00e9ral d'\u00e9t\u00e9 :<\/strong><\/span><\/p>\n<p>Fin juillet - d\u00e9but ao\u00fbt 2024<\/p>\n<p>&nbsp;<\/p>\n<\/div>\n<\/div><\/div><\/div><\/div><div id=\"pg-184-1\"  class=\"panel-grid panel-no-style\" ><div id=\"pgc-184-1-0\"  class=\"panel-grid-cell\" ><div id=\"panel-184-1-0-0\" class=\"so-panel widget widget_sow-editor panel-first-child panel-last-child\" data-index=\"1\" ><div\n\t\t\t\n\t\t\tclass=\"so-widget-sow-editor so-widget-sow-editor-base\"\n\t\t\t\n\t\t><h3 class=\"widget-title\">Un temps d'apprentissage et d'\u00e9changes<\/h3>\n<div class=\"siteorigin-widget-tinymce textwidget\">\n\t<p>Les stages de formation ont plusieurs objectifs dont celui de rencontrer d'autre pratiquants et de s'ouvrir \u00e0 d'autres approches de l'a\u00efkido.<\/p>\n<p>Les r\u00e9seaux sociaux et <a href=\"http:\/\/www.aikido-fat.com\/\" target=\"_blank\" rel=\"noopener\">le site de la f\u00e9d\u00e9ration<\/a> sont des endroits privil\u00e9gi\u00e9s pour retrouver les informations et les souvenirs li\u00e9s \u00e0 ces \u00e9v\u00e8nements.<\/p>\n<\/div>\n<\/div><\/div><\/div><\/div><div id=\"pg-184-2\"  class=\"panel-grid panel-no-style\" ><div id=\"pgc-184-2-0\"  class=\"panel-grid-cell\" ><div id=\"panel-184-2-0-0\" class=\"so-panel widget widget_sow-editor panel-first-child panel-last-child\" data-index=\"2\" ><div\n\t\t\t\n\t\t\tclass=\"so-widget-sow-editor so-widget-sow-editor-base\"\n\t\t\t\n\t\t>\n<div class=\"siteorigin-widget-tinymce textwidget\">\n\t<p><img loading=\"lazy\" class=\"aligncenter  wp-image-675\" src=\"http:\/\/aikido-alsace-fat.fr\/site-wp\/wp-content\/uploads\/2019\/05\/f_logo_RGB-Blue_72.png\" alt=\"\" width=\"106\" height=\"107\" srcset=\"https:\/\/aikido-alsace-fat.fr\/site-wp\/wp-content\/uploads\/2019\/05\/f_logo_RGB-Blue_72.png 159w, https:\/\/aikido-alsace-fat.fr\/site-wp\/wp-content\/uploads\/2019\/05\/f_logo_RGB-Blue_72-150x150.png 150w\" sizes=\"(max-width: 106px) 100vw, 106px\" \/><\/p>\n<\/div>\n<\/div><\/div><\/div><div id=\"pgc-184-2-1\"  class=\"panel-grid-cell\" ><div id=\"panel-184-2-1-0\" class=\"so-panel widget widget_sow-editor panel-first-child panel-last-child\" data-index=\"3\" ><div\n\t\t\t\n\t\t\tclass=\"so-widget-sow-editor so-widget-sow-editor-base\"\n\t\t\t\n\t\t>\n<div class=\"siteorigin-widget-tinymce textwidget\">\n\t<p style=\"text-align: left;\">\n<p><a href=\"https:\/\/www.facebook.com\/F\u00e9d\u00e9ration-dA\u00efkido-Traditionnel-FAT-140453739379407\/\" target=\"_blank\" rel=\"noopener\">Page Facebook de la f\u00e9d\u00e9ration<\/a><\/p>\n<p><a href=\"https:\/\/www.facebook.com\/Aikido-Brunstatt-747981428976412\/\" target=\"_blank\" rel=\"noopener\">Page Facebook de notre club<\/a><\/p>\n<\/div>\n<\/div><\/div><\/div><\/div><\/div>","protected":false},"excerpt":{"rendered":"<p>Stages nationaux de la f\u00e9d\u00e9ration : 11 et 12 novembre : Saint-Martin d&rsquo;Uriage 30, 31 mars et 1er avril :<\/p>\n","protected":false},"author":1,"featured_media":0,"parent":0,"menu_order":0,"comment_status":"closed","ping_status":"closed","template":"","meta":{"_expiration-date-status":"","_expiration-date":0,"_expiration-date-type":"","_expiration-date-categories":[],"_expiration-date-options":[]},"_links":{"self":[{"href":"https:\/\/aikido-alsace-fat.fr\/site-wp\/index.php\/wp-json\/wp\/v2\/pages\/184"}],"collection":[{"href":"https:\/\/aikido-alsace-fat.fr\/site-wp\/index.php\/wp-json\/wp\/v2\/pages"}],"about":[{"href":"https:\/\/aikido-alsace-fat.fr\/site-wp\/index.php\/wp-json\/wp\/v2\/types\/page"}],"author":[{"embeddable":true,"href":"https:\/\/aikido-alsace-fat.fr\/site-wp\/index.php\/wp-json\/wp\/v2\/users\/1"}],"replies":[{"embeddable":true,"href":"https:\/\/aikido-alsace-fat.fr\/site-wp\/index.php\/wp-json\/wp\/v2\/comments?post=184"}],"version-history":[{"count":56,"href":"https:\/\/aikido-alsace-fat.fr\/site-wp\/index.php\/wp-json\/wp\/v2\/pages\/184\/revisions"}],"predecessor-version":[{"id":864,"href":"https:\/\/aikido-alsace-fat.fr\/site-wp\/index.php\/wp-json\/wp\/v2\/pages\/184\/revisions\/864"}],"wp:attachment":[{"href":"https:\/\/aikido-alsace-fat.fr\/site-wp\/index.php\/wp-json\/wp\/v2\/media?parent=184"}],"curies":[{"name":"wp","href":"https:\/\/api.w.org\/{rel}","templated":true}]}}