{"id":12,"date":"2016-01-26T20:29:11","date_gmt":"2016-01-26T19:29:11","guid":{"rendered":"http:\/\/aikido-alsace-fat.fr\/site-wp\/?page_id=12"},"modified":"2016-01-30T16:02:11","modified_gmt":"2016-01-30T15:02:11","slug":"laikido","status":"publish","type":"page","link":"https:\/\/aikido-alsace-fat.fr\/site-wp\/index.php\/laikido\/","title":{"rendered":"A\u00efkido : la recherche de l&rsquo;harmonie"},"content":{"rendered":"<div id=\"pl-12\"  class=\"panel-layout\" ><div id=\"pg-12-0\"  class=\"panel-grid panel-no-style\" ><div id=\"pgc-12-0-0\"  class=\"panel-grid-cell panel-grid-cell-empty\" ><\/div><\/div><div id=\"pg-12-1\"  class=\"panel-grid panel-no-style\" ><div id=\"pgc-12-1-0\"  class=\"panel-grid-cell\" ><div id=\"panel-12-1-0-0\" class=\"so-panel widget widget_sow-editor panel-first-child panel-last-child\" data-index=\"0\" ><div\n\t\t\t\n\t\t\tclass=\"so-widget-sow-editor so-widget-sow-editor-base\"\n\t\t\t\n\t\t>\n<div class=\"siteorigin-widget-tinymce textwidget\">\n\t<p class=\"Titres\"><img loading=\"lazy\" class=\"size-full wp-image-46 aligncenter\" src=\"http:\/\/aikido-alsace-fat.fr\/site-wp\/wp-content\/uploads\/2016\/01\/ueshiba-12.jpg\" alt=\"ueshiba-12\" width=\"147\" height=\"181\" \/><\/p>\n<p class=\"Titres\" style=\"text-align: center;\"><span style=\"font-size: 8pt;\">O Sense\u00ef Morihe\u00ef Ueshiba<\/span><br \/><span style=\"font-size: 8pt;\">fondateur de l'a\u00efkido\u00a0<\/span><\/p>\n<\/div>\n<\/div><\/div><\/div><div id=\"pgc-12-1-1\"  class=\"panel-grid-cell\" ><div id=\"panel-12-1-1-0\" class=\"so-panel widget widget_sow-editor panel-first-child panel-last-child\" data-index=\"1\" ><div\n\t\t\t\n\t\t\tclass=\"so-widget-sow-editor so-widget-sow-editor-base\"\n\t\t\t\n\t\t>\n<div class=\"siteorigin-widget-tinymce textwidget\">\n\t<h4 id=\"u341-2\" class=\"Titres\">Historique<\/h4>\n<p>Cette discipline martiale japonaise a \u00e9t\u00e9 cr\u00e9\u00e9e par O Sense\u00ef\u00a0Morihe\u00ef Ueshiba (1883-1969).<\/p>\n<p id=\"u341-8\" class=\"Paragraphe\">Arme de dissuasion par excellence, ses techniques de combat sont essentiellement d\u00e9fensives et permettent de r\u00e9pondre \u00e0 tout type d\u2019agression.<\/p>\n<p id=\"u341-11\" class=\"Paragraphe\">Faisant appel \u00e0 l\u2019ensemble des aptitudes corporelles et mentales coordonn\u00e9es, constamment anim\u00e9 par un esprit de non-violence et de paix, l\u2019a\u00efkido ne vise qu\u2019\u00e0 neutraliser l\u2019intention agressive de l\u2019adversaire et cela sans porter atteinte \u00e0 son int\u00e9grit\u00e9, ni chercher \u00e0 le d\u00e9truire ou \u00e0 l\u2019humilier.<\/p>\n<\/div>\n<\/div><\/div><\/div><\/div><div id=\"pg-12-2\"  class=\"panel-grid panel-no-style\" ><div id=\"pgc-12-2-0\"  class=\"panel-grid-cell\" ><div id=\"panel-12-2-0-0\" class=\"so-panel widget widget_sow-editor panel-first-child panel-last-child\" data-index=\"2\" ><div\n\t\t\t\n\t\t\tclass=\"so-widget-sow-editor so-widget-sow-editor-base\"\n\t\t\t\n\t\t>\n<div class=\"siteorigin-widget-tinymce textwidget\">\n\t<h4 class=\"Titres\">Ma\u00eetre Daniel Andr\u00e9 Brun<\/h4>\n<p id=\"u341-17\" class=\"Paragraphe\">Ma\u00eetre Daniel Andr\u00e9 BRUN a appris l'A\u00efkido aupr\u00e8s de Ma\u00eetre Tadashi Abe, mais aussi des Ma\u00eetres Andr\u00e9 Noquet et Hirokazu Kobayashi, tous trois \u00e9l\u00e8ves directs d'O Sense\u00ef Morihe\u00ef Ueshiba.<\/p>\n<\/div>\n<\/div><\/div><\/div><\/div><div id=\"pg-12-3\"  class=\"panel-grid panel-no-style\" ><div id=\"pgc-12-3-0\"  class=\"panel-grid-cell\" ><div id=\"panel-12-3-0-0\" class=\"so-panel widget widget_sow-editor panel-first-child panel-last-child\" data-index=\"3\" ><div\n\t\t\t\n\t\t\tclass=\"so-widget-sow-editor so-widget-sow-editor-base\"\n\t\t\t\n\t\t>\n<div class=\"siteorigin-widget-tinymce textwidget\">\n\t<p class=\"Paragraphe\" style=\"text-align: center;\"><img loading=\"lazy\" class=\"size-full wp-image-45 aligncenter\" src=\"http:\/\/aikido-alsace-fat.fr\/site-wp\/wp-content\/uploads\/2016\/01\/tadashi-abe.jpg\" alt=\"tadashi-abe\" width=\"147\" height=\"187\" \/><\/p>\n<p style=\"font-size: 8pt; text-align: center;\">Ma\u00eetre Tadashi Abe<\/p>\n<\/div>\n<\/div><\/div><\/div><div id=\"pgc-12-3-1\"  class=\"panel-grid-cell\" ><div id=\"panel-12-3-1-0\" class=\"so-panel widget widget_sow-editor panel-first-child panel-last-child\" data-index=\"4\" ><div\n\t\t\t\n\t\t\tclass=\"so-widget-sow-editor so-widget-sow-editor-base\"\n\t\t\t\n\t\t>\n<div class=\"siteorigin-widget-tinymce textwidget\">\n\t<p class=\"Paragraphe\" style=\"text-align: center;\"><img loading=\"lazy\" class=\"size-full wp-image-47 aligncenter\" src=\"http:\/\/aikido-alsace-fat.fr\/site-wp\/wp-content\/uploads\/2016\/01\/andrenocquet.jpg\" alt=\"andrenocquet\" width=\"148\" height=\"190\" \/><\/p>\n<p style=\"font-size: 8pt; text-align: center;\">Ma\u00eetre Andr\u00e9 Noquet<\/p>\n<\/div>\n<\/div><\/div><\/div><\/div><div id=\"pg-12-4\"  class=\"panel-grid panel-no-style\" ><div id=\"pgc-12-4-0\"  class=\"panel-grid-cell\" ><div id=\"panel-12-4-0-0\" class=\"so-panel widget widget_sow-editor panel-first-child panel-last-child\" data-index=\"5\" ><div\n\t\t\t\n\t\t\tclass=\"so-widget-sow-editor so-widget-sow-editor-base\"\n\t\t\t\n\t\t>\n<div class=\"siteorigin-widget-tinymce textwidget\">\n\t<p class=\"Titres\">Tous les pratiquants l'ayant suivi dans ses stages en France ou \u00e0 l'\u00e9tranger ont pu appr\u00e9cier le Ma\u00eetre qui partageait sa connaissance et sa recherche avec tout le monde, sans jamais monnayer son art. Apr\u00e8s un parcours de plus de 70 ans d'arts martiaux, il recevait le titre honorifique de 9<sup>\u00e8me<\/sup> dan, consacrant sa vie pass\u00e9e \u00e0 transmettre l'A\u00efkido. Avec toujours plus de cr\u00e9ativit\u00e9, il nous encourageait sans cesse \u00e0 d\u00e9couvrir toutes les facettes de cet art martial \u00e0 mains nues ou avec armes, poussant chacun de nous \u00e0 trouver sa propre voie. Il nous a malheureusement quitt\u00e9 au matin du 10 octobre 2013.<\/p>\n<\/div>\n<\/div><\/div><\/div><\/div><div id=\"pg-12-5\"  class=\"panel-grid panel-no-style\" ><div id=\"pgc-12-5-0\"  class=\"panel-grid-cell\" ><div id=\"panel-12-5-0-0\" class=\"so-panel widget widget_sow-editor panel-first-child panel-last-child\" data-index=\"6\" ><div\n\t\t\t\n\t\t\tclass=\"so-widget-sow-editor so-widget-sow-editor-base\"\n\t\t\t\n\t\t>\n<div class=\"siteorigin-widget-tinymce textwidget\">\n\t<p class=\"Titres\">\u00a0<\/p>\n<p><img loading=\"lazy\" class=\"size-full wp-image-48 aligncenter\" src=\"http:\/\/aikido-alsace-fat.fr\/site-wp\/wp-content\/uploads\/2016\/01\/mr-brun-1995-001-crop-u348.jpg\" alt=\"mr-brun-1995-001-crop-u348\" width=\"147\" height=\"179\" \/><\/p>\n<p style=\"text-align: center;\"><span style=\"font-size: 8pt;\">Ma\u00eetre Daniel Andr\u00e9 Brun<\/span><\/p>\n<p class=\"Paragraphe\">\u00a0<\/p>\n<\/div>\n<\/div><\/div><\/div><div id=\"pgc-12-5-1\"  class=\"panel-grid-cell\" ><div id=\"panel-12-5-1-0\" class=\"so-panel widget widget_sow-editor panel-first-child panel-last-child\" data-index=\"7\" ><div\n\t\t\t\n\t\t\tclass=\"so-widget-sow-editor so-widget-sow-editor-base\"\n\t\t\t\n\t\t>\n<div class=\"siteorigin-widget-tinymce textwidget\">\n\t<p class=\"Titres\">\u00a0<\/p>\n<h4 class=\"Titres\">L\u2019\u00e9cole Daniel Andr\u00e9 BRUN<\/h4>\n<p>Notre \u00e9cole, cr\u00e9\u00e9e en 1984 par Ma\u00eetre Daniel Andr\u00e9 Brun, s\u2019est vou\u00e9e \u00e0 l\u2019enseignement et la diffusion d\u2019un A\u00efkido cr\u00e9atif et respectueux des principes et valeurs promus par son fondateur. Le principe de non-comp\u00e9tition reste d\u2019usage; seuls des cours et des stages sont propos\u00e9s aux adh\u00e9rents.<\/p>\n<p>D\u00e8s l\u2019origine de ce courant, la pratique des armes telles que le b\u00e2ton, le b\u00e2ton court, le couteau, le sabre et l\u2019\u00e9ventail de guerre vont de pair avec la pratique de l\u2019A\u00efkido \u00e0 mains nues. L'A\u00efkido peut \u00eatre pratiqu\u00e9 aussi bien par les femmes que par les hommes, quel que soit leur \u00e2ge et leur condition physique.<\/p>\n<p>(FAT : F\u00e9d\u00e9ration d\u2019A\u00efkido Traditionnel)<\/p>\n<\/div>\n<\/div><\/div><\/div><\/div><\/div>","protected":false},"excerpt":{"rendered":"<p>O Sense\u00ef Morihe\u00ef Ueshibafondateur de l&rsquo;a\u00efkido\u00a0 HistoriqueCette discipline martiale japonaise a \u00e9t\u00e9 cr\u00e9\u00e9e par O Sense\u00ef\u00a0Morihe\u00ef Ueshiba (1883-1969).Arme de dissuasion<\/p>\n","protected":false},"author":1,"featured_media":0,"parent":0,"menu_order":0,"comment_status":"closed","ping_status":"closed","template":"page-full-width.php","meta":{"_expiration-date-status":"saved","_expiration-date":0,"_expiration-date-type":"","_expiration-date-categories":[],"_expiration-date-options":[]},"_links":{"self":[{"href":"https:\/\/aikido-alsace-fat.fr\/site-wp\/index.php\/wp-json\/wp\/v2\/pages\/12"}],"collection":[{"href":"https:\/\/aikido-alsace-fat.fr\/site-wp\/index.php\/wp-json\/wp\/v2\/pages"}],"about":[{"href":"https:\/\/aikido-alsace-fat.fr\/site-wp\/index.php\/wp-json\/wp\/v2\/types\/page"}],"author":[{"embeddable":true,"href":"https:\/\/aikido-alsace-fat.fr\/site-wp\/index.php\/wp-json\/wp\/v2\/users\/1"}],"replies":[{"embeddable":true,"href":"https:\/\/aikido-alsace-fat.fr\/site-wp\/index.php\/wp-json\/wp\/v2\/comments?post=12"}],"version-history":[{"count":26,"href":"https:\/\/aikido-alsace-fat.fr\/site-wp\/index.php\/wp-json\/wp\/v2\/pages\/12\/revisions"}],"predecessor-version":[{"id":144,"href":"https:\/\/aikido-alsace-fat.fr\/site-wp\/index.php\/wp-json\/wp\/v2\/pages\/12\/revisions\/144"}],"wp:attachment":[{"href":"https:\/\/aikido-alsace-fat.fr\/site-wp\/index.php\/wp-json\/wp\/v2\/media?parent=12"}],"curies":[{"name":"wp","href":"https:\/\/api.w.org\/{rel}","templated":true}]}}